{"id":5,"date":"2022-09-28T11:48:24","date_gmt":"2022-09-28T11:48:24","guid":{"rendered":"https:\/\/nell-pay.com\/NELLPAY\/?page_id=5"},"modified":"2026-04-06T14:47:05","modified_gmt":"2026-04-06T14:47:05","slug":"inicio","status":"publish","type":"page","link":"https:\/\/nell-pay.com\/NELLPAY\/","title":{"rendered":"In\u00edcio"},"content":{"rendered":"<p><img loading=\"lazy\" decoding=\"async\" class=\" wp-image-9 aligncenter\" src=\"https:\/\/nell-pay.com\/NELLPAY\/wp-content\/uploads\/2022\/09\/logotipo-Imagem1-300x143.png\" alt=\"\" width=\"461\" height=\"220\" srcset=\"https:\/\/nell-pay.com\/NELLPAY\/wp-content\/uploads\/2022\/09\/logotipo-Imagem1-300x143.png 300w, https:\/\/nell-pay.com\/NELLPAY\/wp-content\/uploads\/2022\/09\/logotipo-Imagem1.png 600w\" sizes=\"auto, (max-width: 461px) 100vw, 461px\" \/><\/p>\n<h3 style=\"text-align: center;\"><strong>Contas e Resultados<\/strong><\/h3>\n<p style=\"text-align: center;\"><a href=\"https:\/\/nell-pay.com\/NELLPAY\/wp-content\/uploads\/2025\/05\/Relatorio-e-Contas-2024_compressed.pdf\" target=\"_blank\" rel=\"noopener\">Contas e Resultados &#8211; 2024<\/a><\/p>\n<p style=\"text-align: center;\"><a href=\"https:\/\/nell-pay.com\/NELLPAY\/wp-content\/uploads\/2024\/05\/NP-Relatorio-e-Contas-2023.pdf\" target=\"_blank\" rel=\"noopener\">Contas e Resultados &#8211; 2023<\/a><\/p>\n<p style=\"text-align: center;\"><a href=\"https:\/\/nell-pay.com\/NELLPAY\/wp-content\/uploads\/2023\/04\/Relatorio_Contas_2022_NellPay-compilado2.pdf\" target=\"_blank\" rel=\"noopener\">Contas e Resultados &#8211; 2022<\/a><\/p>\n<p style=\"text-align: center;\"><a href=\"https:\/\/nell-pay.com\/NELLPAY\/wp-content\/uploads\/2022\/09\/NELLPAY_Rel_Contas_2021.pdf\" target=\"_blank\" rel=\"noopener\">Contas e Resultados &#8211; 2021<\/a><\/p>\n<p style=\"text-align: center;\"><a href=\"https:\/\/nell-pay.com\/NELLPAY\/wp-content\/uploads\/2022\/09\/Relatorio_contas_Nellpay_2020.pdf\">Contas e Resultados &#8211; 2020<\/a><\/p>\n<p style=\"text-align: center;\"><a href=\"https:\/\/nell-pay.com\/NELLPAY\/wp-content\/uploads\/2022\/09\/NellPay_Relatorio_Contas_2019_vf.pdf\">Contas e Resultados &#8211; 2019<\/a><\/p>\n<p style=\"text-align: center;\"><a href=\"https:\/\/nell-pay.com\/NELLPAY\/wp-content\/uploads\/2022\/09\/Rel_Contas_NellPay_2018.pdf\" target=\"_blank\" rel=\"noopener\">Contas e Resultados &#8211; 2018<\/a><\/p>\n<p style=\"text-align: center;\"><a href=\"https:\/\/nell-pay.com\/NELLPAY\/wp-content\/uploads\/2022\/09\/Balanco_2017_NellPay.pdf\" target=\"_blank\" rel=\"noopener\">Contas e Resultados &#8211; 2017<\/a><\/p>\n<p>&nbsp;<\/p>\n<h3 style=\"text-align: center;\"><strong>Pre\u00e7\u00e1rio<\/strong><\/h3>\n<p style=\"text-align: center;\"><a href=\"https:\/\/nell-pay.com\/NELLPAY\/wp-content\/uploads\/2026\/04\/ANEXOS-I-Tabela-de-Comissoes-e-Despesas_NellPay_20260401_v12.pdf\" target=\"_blank\" rel=\"noopener\">Pre\u00e7\u00e1rio Atualizado &#8211; 2026<\/a><\/p>\n","protected":false},"excerpt":{"rendered":"<p>Contas e Resultados Contas e Resultados &#8211; 2024 Contas e Resultados &#8211; 2023 Contas e Resultados &#8211; 2022 Contas e Resultados &#8211; 2021 Contas e Resultados &#8211; 2020 Contas e Resultados &#8211; 2019 Contas e Resultados &#8211; 2018 Contas e Resultados &#8211; 2017 &nbsp; Pre\u00e7\u00e1rio Pre\u00e7\u00e1rio Atualizado &#8211; 2026<\/p>\n","protected":false},"author":1,"featured_media":0,"parent":0,"menu_order":0,"comment_status":"closed","ping_status":"closed","template":"","meta":{"footnotes":""},"class_list":["post-5","page","type-page","status-publish","hentry","entry"],"_links":{"self":[{"href":"https:\/\/nell-pay.com\/NELLPAY\/index.php\/wp-json\/wp\/v2\/pages\/5","targetHints":{"allow":["GET"]}}],"collection":[{"href":"https:\/\/nell-pay.com\/NELLPAY\/index.php\/wp-json\/wp\/v2\/pages"}],"about":[{"href":"https:\/\/nell-pay.com\/NELLPAY\/index.php\/wp-json\/wp\/v2\/types\/page"}],"author":[{"embeddable":true,"href":"https:\/\/nell-pay.com\/NELLPAY\/index.php\/wp-json\/wp\/v2\/users\/1"}],"replies":[{"embeddable":true,"href":"https:\/\/nell-pay.com\/NELLPAY\/index.php\/wp-json\/wp\/v2\/comments?post=5"}],"version-history":[{"count":15,"href":"https:\/\/nell-pay.com\/NELLPAY\/index.php\/wp-json\/wp\/v2\/pages\/5\/revisions"}],"predecessor-version":[{"id":54,"href":"https:\/\/nell-pay.com\/NELLPAY\/index.php\/wp-json\/wp\/v2\/pages\/5\/revisions\/54"}],"wp:attachment":[{"href":"https:\/\/nell-pay.com\/NELLPAY\/index.php\/wp-json\/wp\/v2\/media?parent=5"}],"curies":[{"name":"wp","href":"https:\/\/api.w.org\/{rel}","templated":true}]}}